{"id":341,"date":"2017-09-08T13:22:23","date_gmt":"2017-09-08T13:22:23","guid":{"rendered":"http:\/\/materiales-sam.org.ar\/sam\/?page_id=341"},"modified":"2026-03-29T20:01:17","modified_gmt":"2026-03-29T23:01:17","slug":"comision-directiva-2","status":"publish","type":"page","link":"http:\/\/materiales-sam.org.ar\/sam\/comision-directiva-2\/","title":{"rendered":"Comisi\u00f3n Directiva"},"content":{"rendered":"<p align=\"justify\">COMISI\u00d3N DIRECTIVA DE LA SAM &#8211; PER\u00cdODO 2022-2024<\/p>\n<p align=\"justify\"><strong><br \/>\n&#8211; Presidenta: Dra. Sonia Patricia Br\u00fchl, UTN, Fac. Reg. Concepci\u00f3n del Uruguay.<\/strong><\/p>\n<p>&#8211; Vicepresidenta: Dra. Alicia Ares, FCEQYN, UNAM, Misiones.<\/p>\n<p>&#8211; Secretaria: Dra. Silvana Sommadossi, FI, UNCOMA, Neuqu\u00e9n.<\/p>\n<p>&#8211; Pro Secretario: Dr. Roberto Lucci, UTN, Fac. Reg. C\u00f3rdoba.<\/p>\n<p>&#8211; Tesorera: Dra. Mar\u00eda Cecilia Marinelli, IFIR (CONICET-UNR), Rosario.<\/p>\n<p>&#8211; Pro Tesorera: Dra. Eugenia Dalibon, UTN, Fac. Reg. Concepci\u00f3n del Uruguay.<\/p>\n<p>&#8211; Vocal Titular: Dra. Adriana M\u00e1rquez, INFINA (CONICET, UBA), Buenos Aires.<\/p>\n<p>&#8211; Vocal Titular: Dra. Nora Pellegri IFIR (CONICET-UNR), Rosario.<\/p>\n<p>&#8211; Vocal Titular: Dr. Ing. Mat\u00edas Ramirez UTN, Fac. Reg. San Nicol\u00e1s.<\/p>\n<p>&#8211; Vocal Suplente: Ing. Josefina Dib, IFIR (CONICET-UNR), Rosario.<\/p>\n<p>&#8211; Vocal Suplente: Ing. Mar\u00eda Emilia Furno INTEMA (CONICET-UNMdP), Mar del Plata.<\/p>\n<p>&#8211; Revisor de Cuentas: Dr. Dami\u00e1n V\u00e1zquez, CNEA-CAC y CINICET, Buenos Aires<\/p>\n","protected":false},"excerpt":{"rendered":"<p>COMISI\u00d3N DIRECTIVA DE LA SAM &#8211; PER\u00cdODO 2022-2024 &#8211; Presidenta: Dra. Sonia Patricia Br\u00fchl, UTN, Fac. Reg. Concepci\u00f3n del Uruguay. &#8211; Vicepresidenta: Dra. Alicia Ares, FCEQYN, UNAM, Misiones. &#8211; Secretaria: Dra. Silvana Sommadossi, FI, UNCOMA, Neuqu\u00e9n. &#8211; Pro Secretario: Dr. Roberto Lucci, UTN, Fac. Reg. C\u00f3rdoba. &#8211; Tesorera: Dra. Mar\u00eda Cecilia Marinelli, IFIR (CONICET-UNR), Rosario. [&hellip;]<\/p>\n","protected":false},"author":1,"featured_media":0,"parent":0,"menu_order":0,"comment_status":"closed","ping_status":"closed","template":"","meta":{"footnotes":""},"class_list":["post-341","page","type-page","status-publish","hentry"],"_links":{"self":[{"href":"http:\/\/materiales-sam.org.ar\/sam\/wp-json\/wp\/v2\/pages\/341","targetHints":{"allow":["GET"]}}],"collection":[{"href":"http:\/\/materiales-sam.org.ar\/sam\/wp-json\/wp\/v2\/pages"}],"about":[{"href":"http:\/\/materiales-sam.org.ar\/sam\/wp-json\/wp\/v2\/types\/page"}],"author":[{"embeddable":true,"href":"http:\/\/materiales-sam.org.ar\/sam\/wp-json\/wp\/v2\/users\/1"}],"replies":[{"embeddable":true,"href":"http:\/\/materiales-sam.org.ar\/sam\/wp-json\/wp\/v2\/comments?post=341"}],"version-history":[{"count":10,"href":"http:\/\/materiales-sam.org.ar\/sam\/wp-json\/wp\/v2\/pages\/341\/revisions"}],"predecessor-version":[{"id":2919,"href":"http:\/\/materiales-sam.org.ar\/sam\/wp-json\/wp\/v2\/pages\/341\/revisions\/2919"}],"wp:attachment":[{"href":"http:\/\/materiales-sam.org.ar\/sam\/wp-json\/wp\/v2\/media?parent=341"}],"curies":[{"name":"wp","href":"https:\/\/api.w.org\/{rel}","templated":true}]}}