{"id":2927,"date":"2026-04-20T19:01:50","date_gmt":"2026-04-20T22:01:50","guid":{"rendered":"http:\/\/materiales-sam.org.ar\/sam\/?page_id=2927"},"modified":"2026-04-20T20:21:26","modified_gmt":"2026-04-20T23:21:26","slug":"sam-2026","status":"publish","type":"page","link":"http:\/\/materiales-sam.org.ar\/sam\/sam-2026\/","title":{"rendered":"SAM 2026"},"content":{"rendered":"\n<figure class=\"wp-block-image size-large\"><a href=\"http:\/\/materiales-sam.org.ar\/sam\/wp-content\/uploads\/2026\/04\/sam-2026-logo.png\"><img loading=\"lazy\" decoding=\"async\" width=\"1024\" height=\"194\" src=\"http:\/\/materiales-sam.org.ar\/sam\/wp-content\/uploads\/2026\/04\/sam-2026-logo-1024x194.png\" alt=\"\" class=\"wp-image-2952\" srcset=\"http:\/\/materiales-sam.org.ar\/sam\/wp-content\/uploads\/2026\/04\/sam-2026-logo-1024x194.png 1024w, http:\/\/materiales-sam.org.ar\/sam\/wp-content\/uploads\/2026\/04\/sam-2026-logo-300x57.png 300w, http:\/\/materiales-sam.org.ar\/sam\/wp-content\/uploads\/2026\/04\/sam-2026-logo-768x145.png 768w, http:\/\/materiales-sam.org.ar\/sam\/wp-content\/uploads\/2026\/04\/sam-2026-logo-700x133.png 700w, http:\/\/materiales-sam.org.ar\/sam\/wp-content\/uploads\/2026\/04\/sam-2026-logo-410x78.png 410w, http:\/\/materiales-sam.org.ar\/sam\/wp-content\/uploads\/2026\/04\/sam-2026-logo-100x19.png 100w, http:\/\/materiales-sam.org.ar\/sam\/wp-content\/uploads\/2026\/04\/sam-2026-logo-275x52.png 275w, http:\/\/materiales-sam.org.ar\/sam\/wp-content\/uploads\/2026\/04\/sam-2026-logo.png 1077w\" sizes=\"auto, (max-width: 1024px) 100vw, 1024px\" \/><\/a><\/figure>\n\n\n\n<p><\/p>\n\n\n\n<h1 class=\"wp-block-heading has-text-align-center has-black-color has-text-color has-link-color has-medium-font-size wp-elements-2b99499ff74e6ff4bdf6b998816faaaa\">\u00a1Se acerca la SAM-CONAMET 2026!<\/h1>\n\n\n\n<h3 class=\"wp-block-heading has-black-color has-text-color has-link-color has-medium-font-size wp-elements-28386b7653d7b5557d49525fc7ca05c6\" style=\"font-style:normal;font-weight:400\">Nos complace anunciar la<strong>&nbsp;XXIV edici\u00f3n del Congreso Internacional de Metalurgia y Materiales SAM\u2013CONAMET 2026<\/strong>, que se realizar\u00e1 del 6 al 9 de octubre de 2026 en la ciudad de La Plata (Buenos Aires, Argentina), en el&nbsp;<strong>Edificio Sergio Karakachoff de la Universidad Nacional de La Plata<\/strong>.<\/h3>\n\n\n\n<h3 class=\"wp-block-heading has-black-color has-text-color has-link-color has-medium-font-size wp-elements-ef457e8b22440dbc827365594dd7c4ca\" style=\"font-style:normal;font-weight:400\">El SAM\u2013CONAMET es una de las principales conferencias latinoamericanas dedicadas a la investigaci\u00f3n, el desarrollo tecnol\u00f3gico y las aplicaciones en metalurgia y ciencia e ingenier\u00eda de materiales. Se trata de una reuni\u00f3n de car\u00e1cter internacional orientada a la presentaci\u00f3n y discusi\u00f3n de los avances m\u00e1s recientes, as\u00ed como a la identificaci\u00f3n de nuevos desaf\u00edos en el \u00e1rea. El congreso constituye, adem\u00e1s, un \u00e1mbito especialmente propicio para fortalecer v\u00ednculos entre la comunidad cient\u00edfica y el sector productivo, promoviendo el intercambio y la colaboraci\u00f3n.<\/h3>\n\n\n\n<p class=\"has-black-color has-white-background-color has-text-color has-background has-link-color has-large-font-size wp-elements-cff18c1b7edfe7a2fbf8ce20c41c6c16\"><strong>Toda la informaci\u00f3n aqu\u00ed: <a href=\"https:\/\/congresos.unlp.edu.ar\/sam-conamet2026\/\">https:\/\/congresos.unlp.edu.ar\/sam-conamet2026\/<\/a><\/strong><\/p>\n","protected":false},"excerpt":{"rendered":"<p>\u00a1Se acerca la SAM-CONAMET 2026! Nos complace anunciar la&nbsp;XXIV edici\u00f3n del Congreso Internacional de Metalurgia y Materiales SAM\u2013CONAMET 2026, que se realizar\u00e1 del 6 al 9 de octubre de 2026 en la ciudad de La Plata (Buenos Aires, Argentina), en el&nbsp;Edificio Sergio Karakachoff de la Universidad Nacional de La Plata. El SAM\u2013CONAMET es una de [&hellip;]<\/p>\n","protected":false},"author":5,"featured_media":0,"parent":0,"menu_order":0,"comment_status":"closed","ping_status":"closed","template":"","meta":{"footnotes":""},"class_list":["post-2927","page","type-page","status-publish","hentry"],"_links":{"self":[{"href":"http:\/\/materiales-sam.org.ar\/sam\/wp-json\/wp\/v2\/pages\/2927","targetHints":{"allow":["GET"]}}],"collection":[{"href":"http:\/\/materiales-sam.org.ar\/sam\/wp-json\/wp\/v2\/pages"}],"about":[{"href":"http:\/\/materiales-sam.org.ar\/sam\/wp-json\/wp\/v2\/types\/page"}],"author":[{"embeddable":true,"href":"http:\/\/materiales-sam.org.ar\/sam\/wp-json\/wp\/v2\/users\/5"}],"replies":[{"embeddable":true,"href":"http:\/\/materiales-sam.org.ar\/sam\/wp-json\/wp\/v2\/comments?post=2927"}],"version-history":[{"count":5,"href":"http:\/\/materiales-sam.org.ar\/sam\/wp-json\/wp\/v2\/pages\/2927\/revisions"}],"predecessor-version":[{"id":2955,"href":"http:\/\/materiales-sam.org.ar\/sam\/wp-json\/wp\/v2\/pages\/2927\/revisions\/2955"}],"wp:attachment":[{"href":"http:\/\/materiales-sam.org.ar\/sam\/wp-json\/wp\/v2\/media?parent=2927"}],"curies":[{"name":"wp","href":"https:\/\/api.w.org\/{rel}","templated":true}]}}