{"id":2652,"date":"2024-08-19T20:07:22","date_gmt":"2024-08-19T23:07:22","guid":{"rendered":"http:\/\/materiales-sam.org.ar\/sam\/?page_id=2652"},"modified":"2024-08-19T20:07:22","modified_gmt":"2024-08-19T23:07:22","slug":"premios-otorgados-en-el-congreso-sam-conamet-2024","status":"publish","type":"page","link":"http:\/\/materiales-sam.org.ar\/sam\/premios-otorgados-en-el-congreso-sam-conamet-2024\/","title":{"rendered":"Premios otorgados en el Congreso SAM-CONAMET 2024"},"content":{"rendered":"<h3><strong>MEJORES MICROGRAF\u00cdAS<\/strong><\/h3>\n<p>Otorgado a <b>MAR\u00cdA VICTORIA ROCHA <\/b>por la micrograf\u00eda de la estructura del carb\u00f3n producido mediante pir\u00f3lisis de residuos, que aparece en su trabajo \u201cMesoestructuraci\u00f3n de zeolitas microporosas mediada por CTAB\u201d de los autores Bonetto, Luciana; Rocha, Mar\u00eda Victoria; Renzini, Mar\u00eda Soledad; Saux, Clara, desarrollado en el CITeQ (UTN Facultad Regional C\u00f3rdoba y CONICET).<\/p>\n<p><a href=\"http:\/\/materiales-sam.org.ar\/sam\/wp-content\/uploads\/2024\/08\/Rocha.jpg\"><img loading=\"lazy\" decoding=\"async\" class=\"alignnone  wp-image-2626\" src=\"http:\/\/materiales-sam.org.ar\/sam\/wp-content\/uploads\/2024\/08\/Rocha-1024x768.jpg\" alt=\"\" width=\"373\" height=\"280\" srcset=\"http:\/\/materiales-sam.org.ar\/sam\/wp-content\/uploads\/2024\/08\/Rocha-1024x768.jpg 1024w, http:\/\/materiales-sam.org.ar\/sam\/wp-content\/uploads\/2024\/08\/Rocha-300x225.jpg 300w, http:\/\/materiales-sam.org.ar\/sam\/wp-content\/uploads\/2024\/08\/Rocha-768x576.jpg 768w, http:\/\/materiales-sam.org.ar\/sam\/wp-content\/uploads\/2024\/08\/Rocha-1536x1152.jpg 1536w, http:\/\/materiales-sam.org.ar\/sam\/wp-content\/uploads\/2024\/08\/Rocha-2048x1536.jpg 2048w, http:\/\/materiales-sam.org.ar\/sam\/wp-content\/uploads\/2024\/08\/Rocha-700x525.jpg 700w, http:\/\/materiales-sam.org.ar\/sam\/wp-content\/uploads\/2024\/08\/Rocha-410x308.jpg 410w, http:\/\/materiales-sam.org.ar\/sam\/wp-content\/uploads\/2024\/08\/Rocha-100x75.jpg 100w, http:\/\/materiales-sam.org.ar\/sam\/wp-content\/uploads\/2024\/08\/Rocha-275x206.jpg 275w\" sizes=\"auto, (max-width: 373px) 100vw, 373px\" \/><\/a><\/p>\n<p>Otorgado a <b>MELANIE FERRACE <\/b>por la micrograf\u00eda SEM de nanofibras electrohiladas de \u00e1cido hialur\u00f3nico y poli(\u00f3xido de etileno) sobre andamio impreso, que aparece en su trabajo \u201cDise\u00f1o y caracterizaci\u00f3n de un andamio h\u00edbrido combinando impresi\u00f3n 3D y electrohilado\u201d de los autores Ferrace, Melanie y Montini Ballarin, Florencia, desarrollado en el INTEMA (Universidad Nacional de Mar del Plata y CONICET).<\/p>\n<p><a href=\"http:\/\/materiales-sam.org.ar\/sam\/wp-content\/uploads\/2024\/08\/Ferrace.jpg\"><img loading=\"lazy\" decoding=\"async\" class=\"alignnone  wp-image-2616\" src=\"http:\/\/materiales-sam.org.ar\/sam\/wp-content\/uploads\/2024\/08\/Ferrace.jpg\" alt=\"\" width=\"365\" height=\"274\" srcset=\"http:\/\/materiales-sam.org.ar\/sam\/wp-content\/uploads\/2024\/08\/Ferrace.jpg 1024w, http:\/\/materiales-sam.org.ar\/sam\/wp-content\/uploads\/2024\/08\/Ferrace-300x225.jpg 300w, http:\/\/materiales-sam.org.ar\/sam\/wp-content\/uploads\/2024\/08\/Ferrace-768x576.jpg 768w, http:\/\/materiales-sam.org.ar\/sam\/wp-content\/uploads\/2024\/08\/Ferrace-700x525.jpg 700w, http:\/\/materiales-sam.org.ar\/sam\/wp-content\/uploads\/2024\/08\/Ferrace-410x308.jpg 410w, http:\/\/materiales-sam.org.ar\/sam\/wp-content\/uploads\/2024\/08\/Ferrace-100x75.jpg 100w, http:\/\/materiales-sam.org.ar\/sam\/wp-content\/uploads\/2024\/08\/Ferrace-275x206.jpg 275w\" sizes=\"auto, (max-width: 365px) 100vw, 365px\" \/><\/a><\/p>\n<h3><strong>MEJOR TRABAJO DE J\u00d3VENES ESTUDIANTES DE GRADO<\/strong><\/h3>\n<h4>PREMIO<\/h4>\n<p>Otorgado a <b>LEONARDO P\u00c9REZ <\/b>por su trabajo \u201cFractura de acero AISI 316L fabricado con manufactura aditiva y proceso PBF-LB\/M\u201d de los autores Leonardo D. P\u00e9rez, Steffen Gerke, Michael Br\u00fcnig, Diego Fernandino y Mirco Chapetti, desarrollado en el INTEMA (Universidad Nacional de Mar del Plata y CONICET).<\/p>\n<h4>PRIMERA MENCI\u00d3N<\/h4>\n<p>Otorgado a <b>CLARA PALACIOS <\/b>por su trabajo \u201cDesarrollo de electrodo metal-cer\u00e1mico poroso Ni-MmO2 para electrolizadores y pilas de combustible de \u00f3xido s\u00f3lido\u201d de los autores Clara Palacios, Liliana Mogni, Mar\u00eda Teresa Malachevsky, Sof\u00eda Cuello Larregle, Marcelo Esquivel y Mauro Melone, desarrollado en el Instituto Balseiro (UNCuyo, CNEA), San Carlos de Bariloche.<\/p>\n<h3><strong>PREMIO JOS\u00c9 GALVELE\u00a0Al mejor trabajo sobre corrosi\u00f3n de materiales met\u00e1licos<\/strong><\/h3>\n<p>Otorgado a <b>FACUNDO HERRERA<\/b> por su trabajo \u201cCorrosi\u00f3n localizada en aleaci\u00f3n N08800 utilizada en tubos de generadores de vapor\u201d de los autores Herrera, Facundo E.; Kappes, Mariano A.; Chocr\u00f3n, Mauricio, desarrollado en el Centro At\u00f3mico Constituyentes, CNEA.<\/p>\n<h3><b>PREMIO JORGE S\u00c1BATO\u00a0<\/b><b>Al <\/b><b>mejor trabajo de desarrollo tecnol\u00f3gico en materiales<\/b><\/h3>\n<h4>PREMIO<\/h4>\n<p>Otorgado a <b>RICARDO GREGORUTTI<\/b> por su trabajo \u201cGrafito Aero-Eut\u00e9ctico como \u00e1nodo de bater\u00edas Li-ion\u201d de los autores Gregorutti, Ricardo; Azpeit\u00eda, Anah\u00ed; Ortiz, Mariela; Reinoso, Mar\u00eda; Roviglione, Alicia, desarrollado en el LEMIT, INIFTA; CITEMA (La Plata) CNEA.-CAC y FIUBA, Buenos Aires.<\/p>\n<h4>PRIMERA MENCI\u00d3N<\/h4>\n<p>Otorgado a <b>DIEGO COWES <\/b>por su trabajo \u201cDeterminaci\u00f3n simult\u00e1nea de la anisotrop\u00eda el\u00e1stica y de la textura cristalogr\u00e1fica por goniometr\u00eda ultras\u00f3nica\u201d de los autores Diego A. Cowes, Mart\u00edn P. G\u00f3mez e Ignacio Mieza, desarrollado en CNEA-CAC, Inst. Sabato y UNSAM (Buenos Aires).<\/p>\n<h3><b>PREMIO JORGE KITTL\u00a0<\/b><b>Al <\/b><b>mejor trabajo de <\/b><b>investigaci\u00f3n b\u00e1sica en ciencia de<\/b><b> materiales<\/b><\/h3>\n<h4>PREMIO<\/h4>\n<p>Otorgado a <b>NICOL\u00c1S IRIBERRI <\/b>por su trabajo \u201cEfecto de las condiciones de austenizado sobre la transformaci\u00f3n a la ferrita en un acero grado P92\u201d\u00a0 de los autores N. Iriberri, M. A. Duran y C. A. Dan\u00f3n , desarrollado en CNEA-CAC y UNAHUR (Buenos Aires).<\/p>\n<h4>PRIMERA MENCI\u00d3N<\/h4>\n<p>Otorgado a <b>LUCIANA MALVESTITI <\/b>por su trabajo \u201cAn\u00e1lisis de la corrosi\u00f3n de Mg ZX10 para aplicaci\u00f3n biom\u00e9dica: influencia del CO2 y del medio\u201d de los autores Malvestiti, L.; Tano de la Hoz, F.; Usach, V.; Setton, P.; Katunar M.; Cer\u00e9 S., desarrollado en el INTEMA (Universidad Nacional de Mar del Plata y CONICET) y el IQUIFIB (Universidad de Buenos Aires y CONICET).<\/p>\n","protected":false},"excerpt":{"rendered":"<p>MEJORES MICROGRAF\u00cdAS Otorgado a MAR\u00cdA VICTORIA ROCHA por la micrograf\u00eda de la estructura del carb\u00f3n producido mediante pir\u00f3lisis de residuos, que aparece en su trabajo \u201cMesoestructuraci\u00f3n de zeolitas microporosas mediada por CTAB\u201d de los autores Bonetto, Luciana; Rocha, Mar\u00eda Victoria; Renzini, Mar\u00eda Soledad; Saux, Clara, desarrollado en el CITeQ (UTN Facultad Regional C\u00f3rdoba y CONICET). [&hellip;]<\/p>\n","protected":false},"author":5,"featured_media":0,"parent":0,"menu_order":0,"comment_status":"closed","ping_status":"closed","template":"","meta":{"footnotes":""},"class_list":["post-2652","page","type-page","status-publish","hentry"],"_links":{"self":[{"href":"http:\/\/materiales-sam.org.ar\/sam\/wp-json\/wp\/v2\/pages\/2652","targetHints":{"allow":["GET"]}}],"collection":[{"href":"http:\/\/materiales-sam.org.ar\/sam\/wp-json\/wp\/v2\/pages"}],"about":[{"href":"http:\/\/materiales-sam.org.ar\/sam\/wp-json\/wp\/v2\/types\/page"}],"author":[{"embeddable":true,"href":"http:\/\/materiales-sam.org.ar\/sam\/wp-json\/wp\/v2\/users\/5"}],"replies":[{"embeddable":true,"href":"http:\/\/materiales-sam.org.ar\/sam\/wp-json\/wp\/v2\/comments?post=2652"}],"version-history":[{"count":8,"href":"http:\/\/materiales-sam.org.ar\/sam\/wp-json\/wp\/v2\/pages\/2652\/revisions"}],"predecessor-version":[{"id":2663,"href":"http:\/\/materiales-sam.org.ar\/sam\/wp-json\/wp\/v2\/pages\/2652\/revisions\/2663"}],"wp:attachment":[{"href":"http:\/\/materiales-sam.org.ar\/sam\/wp-json\/wp\/v2\/media?parent=2652"}],"curies":[{"name":"wp","href":"https:\/\/api.w.org\/{rel}","templated":true}]}}