{"id":255,"date":"2017-03-28T13:50:34","date_gmt":"2017-03-28T13:50:34","guid":{"rendered":"http:\/\/materiales-sam.org.ar\/sam\/?page_id=255"},"modified":"2026-04-20T19:26:35","modified_gmt":"2026-04-20T22:26:35","slug":"255-2","status":"publish","type":"page","link":"http:\/\/materiales-sam.org.ar\/sam\/255-2\/","title":{"rendered":"Contacto"},"content":{"rendered":"<p><strong><span style=\"color: #993366;\">EMAIL:<\/span> <\/strong>asociacionsam@gmail.com<\/p>\n<p><strong><span style=\"color: #993366;\">FACEBOOK<\/span> <\/strong><a href=\"http:\/\/m.me\/AsociacionSAM\" target=\"_blank\" rel=\"noopener\">SAM Asociaci\u00f3n Argentina de Materiales<\/a><\/p>\n<p><strong><span style=\"color: #993366;\">Grupo de Google <\/span><span class=\"bidi allowTextSelection\"><span style=\"color: #993366;\">SAM &#8211; Asoc. Arg. de Materiales<\/span> <\/span><\/strong>por este medio los socios reciben informaci\u00f3n relacionada con la vida de la Asociaci\u00f3n, como as\u00ed tambi\u00e9n noticias sobre eventos y temas relacionados con la ciencia y tecnolog\u00eda de los materiales.<\/p>\n<p><span style=\"color: #993366;\"><strong>Direcci\u00f3n Postal de la SAM<\/strong><\/span><br \/>\nINSTITUTO DE F\u00cdSICA ROSARIO CCT-Rosario &#8211; CONICET<br \/>\nBv. 27 de Febrero 210 bis (Esmeralda y Ocampo)<br \/>\nS2000EZP Rosario &#8211; Argentina<\/p>\n<p><strong><span style=\"color: #993366;\">Comisi\u00f3n Directiva:<\/span><\/strong> asociacionsam@gmail.com (Mencionar Presidente en el asunto)<br \/>\nDr. Ra\u00fal Bolmaro e-mail: bolmaro@ifir-conicet.gov.ar<\/p>\n<p><strong><span style=\"color: #993366;\">Secretar\u00eda:<\/span><\/strong> asociacionsam@gmail.com (Mencionar Secretaria en el asunto)<br \/>\nDra. Mar\u00eda Cecilia Marinelli e-mail: marinelli@ifir-conicet.gov.ar<\/p>\n<p><strong><span style=\"color: #993366;\">Tesorer\u00eda:<\/span><\/strong> asociacionsam@gmail.com (Mencionar Tesoreria en el asunto)<br \/>\nDra. Ana Velia Druker e-mail: druker@ifir-conicet.gov.ar<\/p>\n<p><strong><span style=\"color: #993366;\">Revista SAM:<\/span><\/strong><br \/>\nDra. Elena Brandaleze (UTN-San Nicol\u00e1s)<br \/>\ne-mail: elena.brandaleze@gmail.com<\/p>\n","protected":false},"excerpt":{"rendered":"<p>EMAIL: asociacionsam@gmail.com FACEBOOK SAM Asociaci\u00f3n Argentina de Materiales Grupo de Google SAM &#8211; Asoc. Arg. de Materiales por este medio los socios reciben informaci\u00f3n relacionada con la vida de la Asociaci\u00f3n, como as\u00ed tambi\u00e9n noticias sobre eventos y temas relacionados con la ciencia y tecnolog\u00eda de los materiales. Direcci\u00f3n Postal de la SAM INSTITUTO DE [&hellip;]<\/p>\n","protected":false},"author":7,"featured_media":0,"parent":0,"menu_order":0,"comment_status":"closed","ping_status":"closed","template":"","meta":{"footnotes":""},"class_list":["post-255","page","type-page","status-publish","hentry"],"_links":{"self":[{"href":"http:\/\/materiales-sam.org.ar\/sam\/wp-json\/wp\/v2\/pages\/255","targetHints":{"allow":["GET"]}}],"collection":[{"href":"http:\/\/materiales-sam.org.ar\/sam\/wp-json\/wp\/v2\/pages"}],"about":[{"href":"http:\/\/materiales-sam.org.ar\/sam\/wp-json\/wp\/v2\/types\/page"}],"author":[{"embeddable":true,"href":"http:\/\/materiales-sam.org.ar\/sam\/wp-json\/wp\/v2\/users\/7"}],"replies":[{"embeddable":true,"href":"http:\/\/materiales-sam.org.ar\/sam\/wp-json\/wp\/v2\/comments?post=255"}],"version-history":[{"count":18,"href":"http:\/\/materiales-sam.org.ar\/sam\/wp-json\/wp\/v2\/pages\/255\/revisions"}],"predecessor-version":[{"id":2937,"href":"http:\/\/materiales-sam.org.ar\/sam\/wp-json\/wp\/v2\/pages\/255\/revisions\/2937"}],"wp:attachment":[{"href":"http:\/\/materiales-sam.org.ar\/sam\/wp-json\/wp\/v2\/media?parent=255"}],"curies":[{"name":"wp","href":"https:\/\/api.w.org\/{rel}","templated":true}]}}