{"id":1830,"date":"2020-02-16T22:01:42","date_gmt":"2020-02-16T22:01:42","guid":{"rendered":"http:\/\/materiales-sam.org.ar\/sam\/?page_id=1830"},"modified":"2020-02-16T22:16:06","modified_gmt":"2020-02-16T22:16:06","slug":"cetea","status":"publish","type":"page","link":"http:\/\/materiales-sam.org.ar\/sam\/cetea\/","title":{"rendered":"CETeA"},"content":{"rendered":"<p>&nbsp;<\/p>\n<h2><span style=\"color: #ff6600;\"><a href=\"https:\/\/www.laboratoriocetea.com.ar\/\" target=\"_blank\"><img loading=\"lazy\" decoding=\"async\" class=\"alignnone size-full wp-image-1828\" src=\"http:\/\/materiales-sam.org.ar\/sam\/wp-content\/uploads\/2020\/02\/Logo-CETeA.jpg\" alt=\"Logo CETeA\" width=\"620\" height=\"196\" srcset=\"http:\/\/materiales-sam.org.ar\/sam\/wp-content\/uploads\/2020\/02\/Logo-CETeA.jpg 620w, http:\/\/materiales-sam.org.ar\/sam\/wp-content\/uploads\/2020\/02\/Logo-CETeA-300x95.jpg 300w, http:\/\/materiales-sam.org.ar\/sam\/wp-content\/uploads\/2020\/02\/Logo-CETeA-410x130.jpg 410w, http:\/\/materiales-sam.org.ar\/sam\/wp-content\/uploads\/2020\/02\/Logo-CETeA-100x32.jpg 100w, http:\/\/materiales-sam.org.ar\/sam\/wp-content\/uploads\/2020\/02\/Logo-CETeA-275x87.jpg 275w\" sizes=\"auto, (max-width: 620px) 100vw, 620px\" \/><\/a><\/span><\/h2>\n<h2><span style=\"color: #ff6600;\">Laboratorio CETeA\u00a0<\/span><\/h2>\n<p><span style=\"color: #000000;\">Es una empresa que ofrece soluciones integrales a las exigencias crecientes de la industria. A trav\u00e9s de sus especialistas en metalurgia y materiales garantiza los m\u00e1s diversos servicios en: e<\/span>nsayos y an\u00e1lisis de materiales, calibraci\u00f3n de equipos e instrumentos,\u00a0<span style=\"color: #000000; font-family: arial, sans-serif;\">c<\/span>ontrol de procesos,\u00a0capacitaci\u00f3n y asistencia t\u00e9cnica, desarrollos y soluciones tecnol\u00f3gicas.\u00a0Para ello, nos basamos en metodolog\u00edas, procedimientos y est\u00e1ndares nacionales e internacionales, especificaciones de clientes y la experiencia de nuestros profesionales. Aspirando as\u00ed al constante desarrollo y crecimiento sustentable en compa\u00f1\u00eda de nuestros clientes.<\/p>\n<p><span style=\"color: #ff9900;\">https:\/\/www.laboratoriocetea.com.ar\/<\/span><\/p>\n<p><span style=\"color: #ff9900;\">Esqui\u00fa \u00a065\u00a0\u00a0Barrio General Paz \u00a0C\u00f3rdoba , Argentina\u00a0\u00a0Tel: \u00a00351-4213789 \/ 0351-\u00a0155519013<\/span><\/p>\n<p><span style=\"color: #ff9900;\">Por consultas contactarse v\u00eda email a cetea@laboratoriocetea.com.ar<\/span><\/p>\n<p>&nbsp;<\/p>\n<p>&nbsp;<\/p>\n","protected":false},"excerpt":{"rendered":"<p>&nbsp; Laboratorio CETeA\u00a0 Es una empresa que ofrece soluciones integrales a las exigencias crecientes de la industria. A trav\u00e9s de sus especialistas en metalurgia y materiales garantiza los m\u00e1s diversos servicios en: ensayos y an\u00e1lisis de materiales, calibraci\u00f3n de equipos e instrumentos,\u00a0control de procesos,\u00a0capacitaci\u00f3n y asistencia t\u00e9cnica, desarrollos y soluciones tecnol\u00f3gicas.\u00a0Para ello, nos basamos en [&hellip;]<\/p>\n","protected":false},"author":5,"featured_media":0,"parent":0,"menu_order":0,"comment_status":"closed","ping_status":"closed","template":"","meta":{"footnotes":""},"class_list":["post-1830","page","type-page","status-publish","hentry"],"_links":{"self":[{"href":"http:\/\/materiales-sam.org.ar\/sam\/wp-json\/wp\/v2\/pages\/1830","targetHints":{"allow":["GET"]}}],"collection":[{"href":"http:\/\/materiales-sam.org.ar\/sam\/wp-json\/wp\/v2\/pages"}],"about":[{"href":"http:\/\/materiales-sam.org.ar\/sam\/wp-json\/wp\/v2\/types\/page"}],"author":[{"embeddable":true,"href":"http:\/\/materiales-sam.org.ar\/sam\/wp-json\/wp\/v2\/users\/5"}],"replies":[{"embeddable":true,"href":"http:\/\/materiales-sam.org.ar\/sam\/wp-json\/wp\/v2\/comments?post=1830"}],"version-history":[{"count":6,"href":"http:\/\/materiales-sam.org.ar\/sam\/wp-json\/wp\/v2\/pages\/1830\/revisions"}],"predecessor-version":[{"id":1848,"href":"http:\/\/materiales-sam.org.ar\/sam\/wp-json\/wp\/v2\/pages\/1830\/revisions\/1848"}],"wp:attachment":[{"href":"http:\/\/materiales-sam.org.ar\/sam\/wp-json\/wp\/v2\/media?parent=1830"}],"curies":[{"name":"wp","href":"https:\/\/api.w.org\/{rel}","templated":true}]}}