{"id":1575,"date":"2019-02-24T23:59:39","date_gmt":"2019-02-24T23:59:39","guid":{"rendered":"http:\/\/materiales-sam.org.ar\/sam\/?page_id=1575"},"modified":"2019-03-08T23:35:12","modified_gmt":"2019-03-08T23:35:12","slug":"dia-internacional-de-la-nina-y-la-mujer-en-la-ciencia","status":"publish","type":"page","link":"http:\/\/materiales-sam.org.ar\/sam\/dia-internacional-de-la-nina-y-la-mujer-en-la-ciencia\/","title":{"rendered":"D\u00eda internacional de la Ni\u00f1a y la Mujer en la ciencia"},"content":{"rendered":"<h3><\/h3>\n<h3><span style=\"color: #993366;\">El 11 de Febrero se celebr\u00f3 el D\u00eda Internacional de la Mujer y la Ni\u00f1a en la Ciencia.<\/span><\/h3>\n<ul>\n<li>Serie documental <a href=\"http:\/\/www.mundou.edu.ar\/contenidos\/serie\/Mujeres%20Ingenieras\/253\" target=\"_blank\"><u>\u201cMujeres ingenieras\u201d<\/u> financiada por la Secretar\u00eda de Pol\u00edticas Universitarias (2015)<\/a><\/li>\n<li>En adhesi\u00f3n al D\u00eda Internacional de la Mujer y la Ni\u00f1a en la Ciencia, un grupo de cient\u00edficas y estudiantes de ciencia salte\u00f1as produjeron un video en el que se anima a las mujeres a comprometerse con la ciencia desde el relato de sus experiencias personales en el estudio y\/o en la profesi\u00f3n. <a href=\"https:\/\/www.eltribuno.com\/salta\/nota\/2019-2-8-21-2-0-jovenes-saltenas-por-la-igualdad-en-la-ciencias\" target=\"_blank\"><u>Presione aqu\u00ed para verlo<\/u><\/a>.<\/li>\n<li><a href=\"http:\/\/itedamza.frm.utn.edu.ar\/?p=8552\" target=\"_blank\"><u>\u201cLas mujeres sostienen la mitad del cielo\u201d<\/u><\/a> \u2013 Muestra fotogr\u00e1fica<\/li>\n<\/ul>\n<h4><\/h4>\n<h4><span style=\"color: #993366;\">Enlaces internacionales:<\/span><\/h4>\n<p><u><a href=\"https:\/\/11defebrero.org\" target=\"_blank\">Colectivo espa\u00f1ol 11 de febrero<\/a><\/u><\/p>\n<p>Publicaci\u00f3n por el 11 de febrero en el sitio de las <a href=\"http:\/\/www.un.org\/es\/events\/women-and-girls-in-science-day\" target=\"_blank\"><u>Naciones Unidas<\/u><\/a><\/p>\n<p>Publicaci\u00f3n por el 11 de febrero en la <a href=\"http:\/\/www.ragcyt.org.ar\/ampliar\/lucia-ciccia-investigadora-del-cieg-nos-comparte-este-texto-en-el-marco-del-dia-internacional-de-la-mujer-y-la-nina-en-la-ciencia\/3160\" target=\"_blank\"><u>Red Argentina de G\u00e9nero, Ciencia y Tecnolog\u00eda<\/u> <\/a><\/p>\n<p>&nbsp;<\/p>\n","protected":false},"excerpt":{"rendered":"<p>El 11 de Febrero se celebr\u00f3 el D\u00eda Internacional de la Mujer y la Ni\u00f1a en la Ciencia. Serie documental \u201cMujeres ingenieras\u201d financiada por la Secretar\u00eda de Pol\u00edticas Universitarias (2015) En adhesi\u00f3n al D\u00eda Internacional de la Mujer y la Ni\u00f1a en la Ciencia, un grupo de cient\u00edficas y estudiantes de ciencia salte\u00f1as produjeron un [&hellip;]<\/p>\n","protected":false},"author":5,"featured_media":0,"parent":0,"menu_order":0,"comment_status":"closed","ping_status":"closed","template":"","meta":{"footnotes":""},"class_list":["post-1575","page","type-page","status-publish","hentry"],"_links":{"self":[{"href":"http:\/\/materiales-sam.org.ar\/sam\/wp-json\/wp\/v2\/pages\/1575","targetHints":{"allow":["GET"]}}],"collection":[{"href":"http:\/\/materiales-sam.org.ar\/sam\/wp-json\/wp\/v2\/pages"}],"about":[{"href":"http:\/\/materiales-sam.org.ar\/sam\/wp-json\/wp\/v2\/types\/page"}],"author":[{"embeddable":true,"href":"http:\/\/materiales-sam.org.ar\/sam\/wp-json\/wp\/v2\/users\/5"}],"replies":[{"embeddable":true,"href":"http:\/\/materiales-sam.org.ar\/sam\/wp-json\/wp\/v2\/comments?post=1575"}],"version-history":[{"count":8,"href":"http:\/\/materiales-sam.org.ar\/sam\/wp-json\/wp\/v2\/pages\/1575\/revisions"}],"predecessor-version":[{"id":1617,"href":"http:\/\/materiales-sam.org.ar\/sam\/wp-json\/wp\/v2\/pages\/1575\/revisions\/1617"}],"wp:attachment":[{"href":"http:\/\/materiales-sam.org.ar\/sam\/wp-json\/wp\/v2\/media?parent=1575"}],"curies":[{"name":"wp","href":"https:\/\/api.w.org\/{rel}","templated":true}]}}