{"id":127,"date":"2017-03-16T12:19:18","date_gmt":"2017-03-16T12:19:18","guid":{"rendered":"http:\/\/materiales-sam.org.ar\/sam\/?page_id=127"},"modified":"2026-02-20T15:00:57","modified_gmt":"2026-02-20T18:00:57","slug":"como-asociarse","status":"publish","type":"page","link":"http:\/\/materiales-sam.org.ar\/sam\/como-asociarse\/","title":{"rendered":"\u00bfC\u00f3mo asociarse?"},"content":{"rendered":"<h3><a href=\"https:\/\/forms.gle\/yCBqJyyzyU7LGF4J9\" target=\"_blank\" rel=\"noopener\">Acceder a Formulario de Solicitud de Asociaci\u00f3n<\/a><\/h3>\n<h3><strong>Membres\u00edas<\/strong><\/h3>\n<h5>Categor\u00edas de Socios<\/h5>\n<p>Activo, Adherente, Patrocinador y Honorario<\/p>\n<h5><em>Socio Activo<\/em><\/h5>\n<p>Ser presentado por otro socio activo.\u00a0Poseer t\u00edtulo profesional o actuaci\u00f3n t\u00e9cnica y\/o cient\u00edfica en la Ciencia de los Materiales o ramas del conocimiento afines a ella.\u00a0Ser aceptado por la CD.\u00a0Abonar la cuota social pertinente. Los miembros que ya se hayan JUBILADO pueden seguir perteneciendo como socios activos si desean seguir vinculados con el ambiente de la SAM abonando cada a\u00f1o la cuota social.<\/p>\n<h5><em>Socio Adherente<\/em><\/h5>\n<p>Ser presentado por un asociado activo.\u00a0Estar inscripto en alg\u00fan instituto terciario o secundario de ense\u00f1anza relacionada con la Ciencia de los Materiales o ramas del conocimiento afines a ella.\u00a0Ser aceptado por la CD.<\/p>\n<h5><em>Socio Patrocinador<\/em><\/h5>\n<p>Las empresas o instituciones interesadas en el \u00e1rea de la Ciencia de los Materiales o ramas del conocimiento afines a ella.\u00a0Ser presentado por un Delegado Regional. Ser aceptado por la CD.\u00a0Abonar la cuota social pertinente<\/p>\n<h5><em>Socio Honorario<\/em><\/h5>\n<p>Persona que por su actuaci\u00f3n en la Ciencia de los Materiales o ramas del conocimiento afines a ella sean acreedoras a tal distinci\u00f3n y que a propuesta de la CD, fueran nombradas por resoluci\u00f3n de la Asamblea y quedan eximidas del pago de la cuota societaria.<\/p>\n<h4><strong>Socio Activo: $ 45.000<\/strong> por a\u00f1o a pagar antes del 31 de julio. Luego de esa fecha habr\u00e1 una actualizaci\u00f3n quedando la cuota en $ 50.000.<\/h4>\n<h4><strong>Socio Adherente: $ 25.000<\/strong> por a\u00f1o<\/h4>\n<h4><strong>Socio Patrocinador: m\u00ednimo $ 250.000<\/strong> por a\u00f1o (consultar al mail asociacionsam@gmail.com)<\/h4>\n<h3><em>Forma de pago:<\/em><\/h3>\n<p>Transferencia bancaria o dep\u00f3sito en efectivo a: FUNDACI\u00d3N FACULTAD DE INGENIER\u00cdA ROSARIO &#8211; <span style=\"font-size: revert; color: initial;\">CUIT 30617777386 &#8211; Banco MACRO &#8211; Clave Bancaria Uniforme (CBU) 2850797440094950008708\u00a0<\/span><\/p>\n<p>Enviar comprobante del dep\u00f3sito o transferencia y n\u00famero de CUIT o CUIL para hacer la factura a: asociacionsam@gmail.com, (si falta la informaci\u00f3n requerida no se acreditar\u00e1 el pago)<\/p>\n<h3>Socios que adeudan cuotas<\/h3>\n<p>Si el per\u00edodo de mora es inferior a cinco a\u00f1os, el socio se sigue considerando activo, aunque s\u00f3lo gozar\u00e1 de los beneficios de \u201csocio al d\u00eda\u201d (descuentos en congresos, otorgamiento de becas, etc) previo pago de las cuotas adeudadas.<\/p>\n","protected":false},"excerpt":{"rendered":"<p>Acceder a Formulario de Solicitud de Asociaci\u00f3n Membres\u00edas Categor\u00edas de Socios Activo, Adherente, Patrocinador y Honorario Socio Activo Ser presentado por otro socio activo.\u00a0Poseer t\u00edtulo profesional o actuaci\u00f3n t\u00e9cnica y\/o cient\u00edfica en la Ciencia de los Materiales o ramas del conocimiento afines a ella.\u00a0Ser aceptado por la CD.\u00a0Abonar la cuota social pertinente. Los miembros que [&hellip;]<\/p>\n","protected":false},"author":7,"featured_media":0,"parent":0,"menu_order":0,"comment_status":"closed","ping_status":"closed","template":"","meta":{"footnotes":""},"class_list":["post-127","page","type-page","status-publish","hentry"],"_links":{"self":[{"href":"http:\/\/materiales-sam.org.ar\/sam\/wp-json\/wp\/v2\/pages\/127","targetHints":{"allow":["GET"]}}],"collection":[{"href":"http:\/\/materiales-sam.org.ar\/sam\/wp-json\/wp\/v2\/pages"}],"about":[{"href":"http:\/\/materiales-sam.org.ar\/sam\/wp-json\/wp\/v2\/types\/page"}],"author":[{"embeddable":true,"href":"http:\/\/materiales-sam.org.ar\/sam\/wp-json\/wp\/v2\/users\/7"}],"replies":[{"embeddable":true,"href":"http:\/\/materiales-sam.org.ar\/sam\/wp-json\/wp\/v2\/comments?post=127"}],"version-history":[{"count":25,"href":"http:\/\/materiales-sam.org.ar\/sam\/wp-json\/wp\/v2\/pages\/127\/revisions"}],"predecessor-version":[{"id":2916,"href":"http:\/\/materiales-sam.org.ar\/sam\/wp-json\/wp\/v2\/pages\/127\/revisions\/2916"}],"wp:attachment":[{"href":"http:\/\/materiales-sam.org.ar\/sam\/wp-json\/wp\/v2\/media?parent=127"}],"curies":[{"name":"wp","href":"https:\/\/api.w.org\/{rel}","templated":true}]}}