{"id":107,"date":"2017-03-16T11:34:11","date_gmt":"2017-03-16T11:34:11","guid":{"rendered":"http:\/\/materiales-sam.org.ar\/sam\/?page_id=107"},"modified":"2022-04-24T14:27:46","modified_gmt":"2022-04-24T14:27:46","slug":"quienes-somos","status":"publish","type":"page","link":"http:\/\/materiales-sam.org.ar\/sam\/quienes-somos\/","title":{"rendered":"\u00bfQui\u00e9nes Somos?"},"content":{"rendered":"<p><strong>\u00bfQui\u00e9nes Somos?<\/strong><\/p>\n<p>El 20 de diciembre de 1955, reunidos en la Facultad de Ciencias Exactas y Naturales de la Universidad de Buenos Aires, un grupo de j\u00f3venes profesionales de distintas disciplinas del quehacer intelectual metal\u00fargico, fundaron la Sociedad Argentina de Metales &#8211; SAM.<\/p>\n<p>El 15 de marzo de 1993, en la ciudad de Rosario, Provincia de Santa Fe se refunda esta asociaci\u00f3n con el nombre de SAM-Asociaci\u00f3n Argentina de Materiales conservando sus fines que entre otros son:<\/p>\n<p>\u2022 Promover el conocimiento y difusi\u00f3n de la ciencia de los materiales; fomentar, coordinar y orientar su estudio, investigaci\u00f3n y ense\u00f1anza; vincular las personas que se dediquen a ella o se interesen en su desarrollo y propender al mantenimiento de un elevado car\u00e1cter cient\u00edfico entre sus miembros.<\/p>\n<p>\u2022 Editar y\/o subvencionar publicaciones, en forma de folleto o revista, de car\u00e1cter t\u00e9cnico-cient\u00edfica, destinadas a informar adecuadamente sobre las actividades desarrolladas y orientaciones de la asociaci\u00f3n.<\/p>\n<p><a href=\"http:\/\/materiales-sam.org.ar\/sam\/wp-content\/uploads\/2017\/11\/estatuto.pdf\" target=\"_blank\" rel=\"noopener\">Acceso a Estatuto de la Asociaci\u00f3n SAM &#8211; Asociaci\u00f3n Argentina de Materiales<\/a><\/p>\n<p>\u00a0<\/p>\n\n\n<p><\/p>\n","protected":false},"excerpt":{"rendered":"<p>\u00bfQui\u00e9nes Somos? El 20 de diciembre de 1955, reunidos en la Facultad de Ciencias Exactas y Naturales de la Universidad de Buenos Aires, un grupo de j\u00f3venes profesionales de distintas disciplinas del quehacer intelectual metal\u00fargico, fundaron la Sociedad Argentina de Metales &#8211; SAM. El 15 de marzo de 1993, en la ciudad de Rosario, Provincia [&hellip;]<\/p>\n","protected":false},"author":7,"featured_media":0,"parent":0,"menu_order":0,"comment_status":"closed","ping_status":"closed","template":"","meta":{"footnotes":""},"class_list":["post-107","page","type-page","status-publish","hentry"],"_links":{"self":[{"href":"http:\/\/materiales-sam.org.ar\/sam\/wp-json\/wp\/v2\/pages\/107","targetHints":{"allow":["GET"]}}],"collection":[{"href":"http:\/\/materiales-sam.org.ar\/sam\/wp-json\/wp\/v2\/pages"}],"about":[{"href":"http:\/\/materiales-sam.org.ar\/sam\/wp-json\/wp\/v2\/types\/page"}],"author":[{"embeddable":true,"href":"http:\/\/materiales-sam.org.ar\/sam\/wp-json\/wp\/v2\/users\/7"}],"replies":[{"embeddable":true,"href":"http:\/\/materiales-sam.org.ar\/sam\/wp-json\/wp\/v2\/comments?post=107"}],"version-history":[{"count":15,"href":"http:\/\/materiales-sam.org.ar\/sam\/wp-json\/wp\/v2\/pages\/107\/revisions"}],"predecessor-version":[{"id":2125,"href":"http:\/\/materiales-sam.org.ar\/sam\/wp-json\/wp\/v2\/pages\/107\/revisions\/2125"}],"wp:attachment":[{"href":"http:\/\/materiales-sam.org.ar\/sam\/wp-json\/wp\/v2\/media?parent=107"}],"curies":[{"name":"wp","href":"https:\/\/api.w.org\/{rel}","templated":true}]}}